{"id":48075,"date":"2018-03-01T18:22:22","date_gmt":"2018-03-01T18:22:22","guid":{"rendered":"https:\/\/zatebe.cz\/?page_id=48075"},"modified":"2018-03-02T09:54:40","modified_gmt":"2018-03-02T09:54:40","slug":"nabidka-pro-inzerenty","status":"publish","type":"page","link":"https:\/\/sexvcr.cz\/?page_id=48075","title":{"rendered":"SEXvCR.cz &#8211; Nab\u00eddka pro inzerenty"},"content":{"rendered":"<p><span style=\"color: #ef1465;\"><strong>Inzerce je zdarma!<\/strong><\/span><br \/>\nVkl\u00e1d\u00e1n\u00ed inzer\u00e1t\u016f do na\u0161\u00ed seznamky je zcela zdarma. Jedin\u00e9, co mus\u00edte ud\u011blat je registrovat se v na\u0161em syst\u00e9mu <span style=\"text-decoration: underline; color: #0000ff;\"><a style=\"color: #0000ff; text-decoration: underline;\" title=\"ZaTebe.cz\" href=\"http:\/\/zatebe.cz\/wp-login.php?action=register\" target=\"_blank\">ZaTebe.cz &#8211; registrace<\/a><\/span> a n\u00e1sledn\u011b ji\u017e m\u016f\u017eete ihned vlo\u017eit bezplatnou inzerci. V\u00e1mi vlo\u017een\u00fd inzer\u00e1t bude zobrazen automaticky na v\u0161ech sp\u0159\u00e1telen\u00fdch webov\u00fdch str\u00e1nk\u00e1ch, kter\u00e9 obsahuj\u00ed prostor pro inzerci (jejich st\u00e1le se rozr\u016fstaj\u00edc\u00ed seznam m\u016f\u017eete nal\u00e9zt zde: <span style=\"text-decoration: underline;\"><span style=\"color: #0000ff; text-decoration: underline;\"><a style=\"color: #0000ff; text-decoration: underline;\" title=\"ZaTebe.cz - str\u00e1nky\" href=\"http:\/\/zatebe.cz\/?page_id=162\" target=\"_blank\">ZaTebe.cz &#8211; str\u00e1nky<\/a><\/span><\/span>). Pros\u00edme u\u017eivatele, aby dodr\u017eovali podm\u00ednky a vkl\u00e1daly ka\u017ed\u00fd den jen jeden inzer\u00e1t stejn\u00e9ho obsahu (inzer\u00e1t\u016f m\u016f\u017eete vlo\u017eit v\u00edce, pokud bude obsahovat jin\u00fd textov\u00fd a grafick\u00fd obsah).<\/p>\n<p>V p\u0159\u00edpad\u011b, \u017ee by V\u00e1m rozsah bezplatn\u00e9 inzerce nedosta\u010doval, je mo\u017en\u00e9 si exkluzivn\u00ed slu\u017ebou &#8222;Topov\u00e1n\u00ed&#8220; zajistit lep\u0161\u00ed um\u00edst\u011bn\u00ed. Topovan\u00e9 inzer\u00e1ty se zobrazuj\u00ed na zv\u00fdrazn\u011bn\u00fdch pozic\u00edch a Vy tak budete moci oslovit mnohem v\u011bt\u0161\u00ed mno\u017estv\u00ed potencion\u00e1ln\u00edch z\u00e1kazn\u00edk\u016f. V r\u00e1mci webu <span style=\"text-decoration: underline;\"><span style=\"color: #0000ff;\"><a style=\"color: #0000ff; text-decoration: underline;\" title=\"Sexvcr.cz\" href=\"http:\/\/sexvcr.cz\" target=\"_blank\">SEXV\u010cR.CZ<\/a><\/span><\/span> jsou nav\u00edc tyto inzer\u00e1ty zv\u00fdrazn\u011bn\u00e9 ikonou se srd\u00ed\u010dkem.<\/p>\n<p><span style=\"color: #ef1465;\"><strong>V\u00fdhody topovan\u00fdch inzer\u00e1t\u016f<\/strong><\/span><br \/>\nTopovan\u00fd inzer\u00e1t se bude ihned po topov\u00e1n\u00ed t\u00fdden zobrazovat na up\u0159ednost\u0148ovan\u00fdch pozic\u00edch a to automaticky na v\u0161ech webech inzertn\u00edho syst\u00e9mu ZaTebe.cz. Za jedinou topovac\u00ed SMS tak dostanete zv\u00fdrazn\u011bn\u00ed Va\u0161\u00ed inzerce hned na n\u011bkolika inzertn\u00edch str\u00e1nk\u00e1ch nar\u00e1z!<\/p>\n<p>(Vyj\u00edmku zde tvo\u0159\u00ed ve\u0161ker\u00e1 inzerce, kter\u00e1 se t\u00fdk\u00e1 linek se zv\u00fd\u0161en\u00fdm tarifem. Tato inzerce, pokud nebude topov\u00e1na, se na na\u0161ich str\u00e1nk\u00e1ch v\u016fbec nezobraz\u00ed. A\u017e po topov\u00e1n\u00ed budou inzer\u00e1ty v t\u00e9to kategorii zobrazeny a topov\u00e1ny po dobu 6 hodin. Z\u00e1rove\u0148 se v\u0161ak nebudou zobrazovat na hlavn\u00ed str\u00e1nce, ale jen na podstr\u00e1nk\u00e1ch.)<\/p>\n<p><span style=\"color: #ef1465;\"><strong>Jak topovat inzer\u00e1t?<\/strong><\/span><br \/>\n1.Vlo\u017ete inzer\u00e1t (viz.n\u00e1pov\u011bda pro vlo\u017een\u00ed inzer\u00e1tu)<br \/>\n2.Po tom co se na str\u00e1nk\u00e1ch zobraz\u00ed V\u00e1\u0161 inzer\u00e1t, klikn\u011bte v n\u011bm vpravo na polo\u017eku \u201cTopovat\u201d<br \/>\n3.Postupujte dle instrukc\u00ed, kter\u00e9 se V\u00e1m zobraz\u00ed<br \/>\n4.Vlo\u017ete do pr\u00e1zdn\u00e9ho pole topovac\u00ed pin k\u00f3d, kter\u00fd V\u00e1m p\u0159i\u0161el na \u010d\u00edslo mobiln\u00edho telefonu, ze kter\u00e9ho jste odes\u00edlali SMS (jen \u010d\u00edseln\u00fd k\u00f3d bez OK)<br \/>\n5.Po kliknut\u00ed na tla\u010d\u00edtko \u201cOdeslat\u201d je V\u00e1\u0161 inzer\u00e1t topov\u00e1n<\/p>\n<p><span style=\"color: #ef1465;\"><strong>Jak vlo\u017eit inzer\u00e1t?<\/strong><\/span><br \/>\n1.V horn\u00ed \u010d\u00e1sti obrazovky klikn\u011bt\u011b na polo\u017eku \u201cP\u0159idat inzer\u00e1t\u201d<br \/>\n2.Vypl\u0148t\u011b po\u017eadovan\u00e9 \u00fadaje a vyberte kategorii, pod kterou spad\u00e1 V\u00e1\u0161 inzer\u00e1t<br \/>\n3.Potvr\u010fte souhlas s podm\u00ednkami pou\u017eit\u00ed slu\u017eby a vypl\u0148te pole s n\u00e1hodn\u011b se generuj\u00edc\u00ed ot\u00e1zkou (ochrana proti spamov\u00e1n\u00ed)<br \/>\n4.V dal\u0161\u00edm kroku m\u016f\u017eete vlo\u017eit fotografie (nen\u00ed povinn\u00e9)<br \/>\n5.Po potvrzen\u00ed je V\u00e1\u0161 inzer\u00e1t vlo\u017een a ihned se zobrazuje na na\u0161ich str\u00e1nk\u00e1ch<br \/>\n6.Do n\u011bkolika minut V\u00e1m p\u0159ijde potvrzovac\u00ed e-mail na zadanou e-mailovou adresu s detailn\u00edmi informacemi o vlo\u017een\u00e9m inzer\u00e1tu<\/p>\n<p><span style=\"color: #ef1465;\"><strong>Jak odpov\u011bd\u011bt na inzer\u00e1t?<\/strong><\/span><br \/>\nPokud inzerent zve\u0159ejnil sv\u00e9 telefonn\u00ed \u010d\u00edslo, je mo\u017enost kontaktovat ho p\u0159\u00edmo. Sd\u011blte pros\u00edm, \u017ee vol\u00e1te z p\u0159\u00edslu\u0161n\u00e9 seznamky. Pokud \u010d\u00edslo zve\u0159ejn\u011bn\u00e9 nen\u00ed, m\u016f\u017eete ho kontaktovat pomoc\u00ed kontaktn\u00edho formul\u00e1\u0159e na na\u0161ich str\u00e1nk\u00e1ch:<br \/>\n1.Klikn\u011bte na V\u00e1mi vybran\u00fd inzer\u00e1t<br \/>\n2.Ve spodn\u00ed \u010d\u00e1sti inzer\u00e1tu se zobraz\u00ed okno pro odpov\u011b\u010f<br \/>\n3.Vypl\u0148te po\u017eadovan\u00e9 \u00fadaje<br \/>\n4.Vypl\u0148te pole s n\u00e1hodn\u011b se generuj\u00edc\u00ed ot\u00e1zkou (ochrana proti spamov\u00e1n\u00ed)<br \/>\n5.Po kliknut\u00ed na tla\u010d\u00edtko \u201cPokra\u010dovat\u201d bude Va\u0161e odpov\u011b\u010f odesl\u00e1na<\/p>\n<p><span style=\"color: #ef1465;\"><strong>Nesta\u010d\u00ed V\u00e1m bezplatn\u00e1 inzerce ani zv\u00fdrazn\u011bn\u00e9 topovan\u00e9 inzer\u00e1ty a chcete mnohem v\u00edc? <\/strong><\/span><br \/>\n<span style=\"color: #ef1465;\"> <strong>Nev\u00e1hejte kontaktovat na\u0161e Obchodn\u00ed odd\u011blen\u00ed PK62, a.s. V\u011b\u0159\u00edme, \u017ee V\u00e1s na\u0161e nab\u00eddka nenech\u00e1 chladn\u00fdmi!<\/strong><\/span><\/p>\n<p><span style=\"color: #ef1465;\"><strong>Kontakt na obchodn\u00ed odd\u011blen\u00ed<\/strong><\/span><br \/>\nTel.: +420 281 090 608<br \/>\nE-mail: <span style=\"text-decoration: underline;\"><span style=\"color: #0000ff; text-decoration: underline;\"><a style=\"color: #0000ff; text-decoration: underline;\" href=\"mailto:leotvmedia@pk62\">leotvmedia@pk62.cz<\/a><\/span><\/span><br \/>\nE-mail: <span style=\"text-decoration: underline;\"><span style=\"color: #0000ff; text-decoration: underline;\"><a style=\"color: #0000ff; text-decoration: underline;\" href=\"mailto:reklama@leotv.cz\">reklama@leotv.cz<\/a><\/span><\/span><\/p>\n<p>&nbsp;<\/p>\n","protected":false},"excerpt":{"rendered":"<p>Inzerce je zdarma! Vkl\u00e1d\u00e1n\u00ed inzer\u00e1t\u016f do na\u0161\u00ed seznamky je zcela zdarma. Jedin\u00e9, co mus\u00edte ud\u011blat je registrovat se v na\u0161em syst\u00e9mu ZaTebe.cz &#8211; registrace a n\u00e1sledn\u011b ji\u017e m\u016f\u017eete ihned vlo\u017eit bezplatnou inzerci. V\u00e1mi vlo\u017een\u00fd inzer\u00e1t bude zobrazen automaticky na v\u0161ech sp\u0159\u00e1telen\u00fdch webov\u00fdch str\u00e1nk\u00e1ch, kter\u00e9 obsahuj\u00ed prostor pro inzerci (jejich st\u00e1le se rozr\u016fstaj\u00edc\u00ed seznam m\u016f\u017eete nal\u00e9zt&#8230;<\/p>\n","protected":false},"author":1,"featured_media":0,"parent":0,"menu_order":0,"comment_status":"closed","ping_status":"closed","template":"","meta":[],"_links":{"self":[{"href":"https:\/\/sexvcr.cz\/index.php?rest_route=\/wp\/v2\/pages\/48075"}],"collection":[{"href":"https:\/\/sexvcr.cz\/index.php?rest_route=\/wp\/v2\/pages"}],"about":[{"href":"https:\/\/sexvcr.cz\/index.php?rest_route=\/wp\/v2\/types\/page"}],"author":[{"embeddable":true,"href":"https:\/\/sexvcr.cz\/index.php?rest_route=\/wp\/v2\/users\/1"}],"replies":[{"embeddable":true,"href":"https:\/\/sexvcr.cz\/index.php?rest_route=%2Fwp%2Fv2%2Fcomments&post=48075"}],"version-history":[{"count":3,"href":"https:\/\/sexvcr.cz\/index.php?rest_route=\/wp\/v2\/pages\/48075\/revisions"}],"predecessor-version":[{"id":48102,"href":"https:\/\/sexvcr.cz\/index.php?rest_route=\/wp\/v2\/pages\/48075\/revisions\/48102"}],"wp:attachment":[{"href":"https:\/\/sexvcr.cz\/index.php?rest_route=%2Fwp%2Fv2%2Fmedia&parent=48075"}],"curies":[{"name":"wp","href":"https:\/\/api.w.org\/{rel}","templated":true}]}}